{"id":861,"date":"2019-01-22T14:34:01","date_gmt":"2019-01-22T13:34:01","guid":{"rendered":"http:\/\/my.haufenlaufen.com\/?page_id=861"},"modified":"2020-01-14T23:00:18","modified_gmt":"2020-01-14T22:00:18","slug":"newsletter","status":"publish","type":"page","link":"https:\/\/my.haufenlaufen.com\/?page_id=861","title":{"rendered":"Newsletter"},"content":{"rendered":"\n<p class=\"has-text-align-justify\">Um unseren Mitgliedern immer alle aktuellen Informationen bereit zu stellen, haben wir einen Newsletter eingerichtet. Dieser kommt nicht regelm\u00e4\u00dfig sondern nur, wenn es aktuelle Veranstaltungen oder Neuigkeiten gibt. Wenn du dich als Mitglied f\u00fcr den Newsletter eintr\u00e4gst erh\u00e4lst du \u00fcber das Jahr verteilt ca. 10 Emails von uns.<\/p>\n\n\n\n<p class=\"has-text-align-justify\">Wir arbeiten mit einem doppelten Best\u00e4tigungsverfahren. Du erh\u00e4lst nach dem Eintragen eine Best\u00e4tigungsmail in der du deine Mailadresse verifizieren musst.<\/p>\n\n\n<p><div class=\"tnp tnp-subscription \">\n<form method=\"post\" action=\"https:\/\/my.haufenlaufen.com\/wp-admin\/admin-ajax.php?action=tnp&amp;na=s\">\n<input type=\"hidden\" name=\"nlang\" value=\"\">\n<div class=\"tnp-field tnp-field-firstname\"><label for=\"tnp-1\">Vorname oder ganzer Name<\/label>\n<input class=\"tnp-name\" type=\"text\" name=\"nn\" id=\"tnp-1\" value=\"\" placeholder=\"\"><\/div>\n<div class=\"tnp-field tnp-field-email\"><label for=\"tnp-2\">Email<\/label>\n<input class=\"tnp-email\" type=\"email\" name=\"ne\" id=\"tnp-2\" value=\"\" placeholder=\"\" required><\/div>\n<div class=\"tnp-field tnp-privacy-field\"><label><input type=\"checkbox\" name=\"ny\" required class=\"tnp-privacy\"> <a target=\"_blank\" href=\"https:\/\/my.haufenlaufen.com\/?page_id=51\">Indem Du fortf\u00e4hrst, akzeptierst Du unsere Datenschutzerkl\u00e4rung.<\/a><\/label><\/div><div class=\"tnp-field tnp-field-button\" style=\"text-align: left\"><input class=\"tnp-submit\" type=\"submit\" value=\"Newsletter Abonnieren\" style=\"\">\n<\/div>\n<\/form>\n<\/div>\n<\/p>\n","protected":false},"excerpt":{"rendered":"<p>Um unseren Mitgliedern immer alle aktuellen Informationen bereit zu stellen, haben wir einen Newsletter eingerichtet. Dieser kommt nicht regelm\u00e4\u00dfig sondern nur, wenn es aktuelle Veranstaltungen oder Neuigkeiten gibt. Wenn du dich als Mitglied f\u00fcr&#46;&#46;&#46;<\/p>\n","protected":false},"author":1,"featured_media":0,"parent":0,"menu_order":0,"comment_status":"closed","ping_status":"closed","template":"","meta":{"jetpack_post_was_ever_published":false,"footnotes":""},"class_list":["post-861","page","type-page","status-publish","hentry"],"jetpack_sharing_enabled":true,"jetpack_shortlink":"https:\/\/wp.me\/PaqijN-dT","jetpack_likes_enabled":true,"_links":{"self":[{"href":"https:\/\/my.haufenlaufen.com\/index.php?rest_route=\/wp\/v2\/pages\/861","targetHints":{"allow":["GET"]}}],"collection":[{"href":"https:\/\/my.haufenlaufen.com\/index.php?rest_route=\/wp\/v2\/pages"}],"about":[{"href":"https:\/\/my.haufenlaufen.com\/index.php?rest_route=\/wp\/v2\/types\/page"}],"author":[{"embeddable":true,"href":"https:\/\/my.haufenlaufen.com\/index.php?rest_route=\/wp\/v2\/users\/1"}],"replies":[{"embeddable":true,"href":"https:\/\/my.haufenlaufen.com\/index.php?rest_route=%2Fwp%2Fv2%2Fcomments&post=861"}],"version-history":[{"count":1,"href":"https:\/\/my.haufenlaufen.com\/index.php?rest_route=\/wp\/v2\/pages\/861\/revisions"}],"predecessor-version":[{"id":1429,"href":"https:\/\/my.haufenlaufen.com\/index.php?rest_route=\/wp\/v2\/pages\/861\/revisions\/1429"}],"wp:attachment":[{"href":"https:\/\/my.haufenlaufen.com\/index.php?rest_route=%2Fwp%2Fv2%2Fmedia&parent=861"}],"curies":[{"name":"wp","href":"https:\/\/api.w.org\/{rel}","templated":true}]}}