{"id":58,"date":"2018-09-10T12:37:12","date_gmt":"2018-09-10T10:37:12","guid":{"rendered":"http:\/\/my.haufenlaufen.com\/?page_id=58"},"modified":"2024-07-11T21:08:49","modified_gmt":"2024-07-11T19:08:49","slug":"mitglied-werden","status":"publish","type":"page","link":"https:\/\/my.haufenlaufen.com\/?page_id=58","title":{"rendered":"Mitglied werden"},"content":{"rendered":"<p style=\"text-align: justify;\">Du willst <strong>Mitglied der KG Haufenlaufen von 1998 e.V.<\/strong> werden? Das ist eine gute Entscheidung!<\/p>\n<p style=\"text-align: justify;\">Sicherlich hast Du dich schon \u00fcber die <strong>Aktivit\u00e4ten<\/strong> unseres Haufens informiert. Sollte das nicht der Fall sein, kannst Du einiges \u00fcber den Verein in der Rubrik &#8220;\u00dcber uns&#8221; erfahren. Die <strong>Mitgliedschaft<\/strong> er\u00f6ffnet Dir die M\u00f6glichkeit, an allen Unternehmungen, Fahrten und Veranstaltungen der KG teilzunehmen.<\/p>\n<p style=\"text-align: justify;\">Die einzige <strong>Verpflichtung<\/strong>, die Du eingehst, ist es, Deinen Beitrag von mindestens <strong>22,22\u20ac<\/strong> im Jahr p\u00fcnktlich zu zahlen. Unsere Satzung erkennst Du an. Alle weiteren wichtigen Infos findest Du im Mitgliedsantrag.<\/p>\n<p style=\"text-align: justify;\">F\u00fcr Fragen und Kontakt steht unser Mitgliederbetreuer Andrej Szebel unter mitgliederbetreuung@haufenlaufen.de zur Verf\u00fcgung und nat\u00fcrlich jedes andere Mitglied.<\/p>\n<p style=\"text-align: center;\">Deinen Mitgliedsantrag kannst du <em><strong><a href=\"https:\/\/my.haufenlaufen.com\/?page_id=303\">hier<\/a><\/strong><\/em> direkt online ausf\u00fcllen.<\/p>\n<p style=\"text-align: center;\">Wir hei\u00dfen Dich als neues Mitglied der KG Haufenlaufen herzlich willkommen!<br \/>\n<strong>Haufen lauf!<\/strong><\/p>\n","protected":false},"excerpt":{"rendered":"<p>Du willst Mitglied der KG Haufenlaufen von 1998 e.V. werden? Das ist eine gute Entscheidung! Sicherlich hast Du dich schon \u00fcber die Aktivit\u00e4ten unseres Haufens informiert. Sollte das nicht der Fall sein, kannst Du&#46;&#46;&#46;<\/p>\n","protected":false},"author":1,"featured_media":0,"parent":0,"menu_order":0,"comment_status":"closed","ping_status":"closed","template":"","meta":{"jetpack_post_was_ever_published":false,"footnotes":""},"class_list":["post-58","page","type-page","status-publish","hentry"],"jetpack_sharing_enabled":true,"jetpack_shortlink":"https:\/\/wp.me\/PaqijN-W","jetpack_likes_enabled":true,"_links":{"self":[{"href":"https:\/\/my.haufenlaufen.com\/index.php?rest_route=\/wp\/v2\/pages\/58","targetHints":{"allow":["GET"]}}],"collection":[{"href":"https:\/\/my.haufenlaufen.com\/index.php?rest_route=\/wp\/v2\/pages"}],"about":[{"href":"https:\/\/my.haufenlaufen.com\/index.php?rest_route=\/wp\/v2\/types\/page"}],"author":[{"embeddable":true,"href":"https:\/\/my.haufenlaufen.com\/index.php?rest_route=\/wp\/v2\/users\/1"}],"replies":[{"embeddable":true,"href":"https:\/\/my.haufenlaufen.com\/index.php?rest_route=%2Fwp%2Fv2%2Fcomments&post=58"}],"version-history":[{"count":4,"href":"https:\/\/my.haufenlaufen.com\/index.php?rest_route=\/wp\/v2\/pages\/58\/revisions"}],"predecessor-version":[{"id":3473,"href":"https:\/\/my.haufenlaufen.com\/index.php?rest_route=\/wp\/v2\/pages\/58\/revisions\/3473"}],"wp:attachment":[{"href":"https:\/\/my.haufenlaufen.com\/index.php?rest_route=%2Fwp%2Fv2%2Fmedia&parent=58"}],"curies":[{"name":"wp","href":"https:\/\/api.w.org\/{rel}","templated":true}]}}