{"id":54,"date":"2018-09-10T12:37:12","date_gmt":"2018-09-10T10:37:12","guid":{"rendered":"http:\/\/my.haufenlaufen.com\/?page_id=54"},"modified":"2018-11-06T20:22:48","modified_gmt":"2018-11-06T19:22:48","slug":"satzung","status":"publish","type":"page","link":"https:\/\/my.haufenlaufen.com\/?page_id=54","title":{"rendered":"Satzung der KG Haufenlaufen von 1998 e.V."},"content":{"rendered":"<p style=\"text-align: center;\">in der Fassung vom 6. Mai 2008<\/p>\n<p><strong>\u00a7 1 Name<\/strong><\/p>\n<ul>\n<li style=\"text-align: justify;\">Der Verein f\u00fchrt den Namen \u201eKarnevalsgesellschaft Haufenlaufen von 1998\u201c<\/li>\n<li style=\"text-align: justify;\">Er f\u00fchrt den Namenszusatz \u201eeingetragener Verein\u201c in der abgek\u00fcrzten Form \u201ee.V.\u201c<\/li>\n<li style=\"text-align: justify;\">Vereinsfarben sind lila und gelb.<\/li>\n<\/ul>\n<p><strong>\u00a7 2 Sitz<\/strong><\/p>\n<p>Der Verein hat seinen Sitz in Pulheim.<\/p>\n<p><strong>\u00a7 3 Zweck des Vereins<\/strong><\/p>\n<p style=\"text-align: justify;\">Der Verein bezweckt die Pflege des Brauchtums in Pulheim, insbesondere durch Teilnahme an Karnevalsumz\u00fcgen und Veranstaltung von Empf\u00e4ngen. Der Verein verfolgt ausschlie\u00dflich und unmittelbar gemeinn\u00fctzige Zwecke im Sinne des Abschnitts \u201eSteuerbeg\u00fcnstigte Zwecke\u201c der Abgabenordnung und zwar insbesondere durch die Brauchtumspflege. Parteipolitische, konfessionelle und rassistische Bestrebungen sind ausgeschlossen. Die Mittel des Vereins d\u00fcrfen nur f\u00fcr die satzungsgem\u00e4\u00dfen Zwecke verwendet werden. Die Mitglieder erhalten keine Zuwendungen aus Mitteln des Vereins. Der Verein ist selbstlos t\u00e4tig, er verfolgt nicht in erster Linie eigenwirtschaftliche Zwecke. Es darf keine Person durch Ausgaben, die dem Zweck des Vereins fremd sind oder durch unverh\u00e4ltnism\u00e4\u00dfig hohe Verg\u00fctungen beg\u00fcnstigt werden.<\/p>\n<p><strong>\u00a7 4 Eintragung in das Vereinsregister<\/strong><\/p>\n<p style=\"text-align: justify;\">Der Verein ist im Vereinsregister beim Amtsgericht Bergheim \/ Erft unter der Nr. 862 in das Vereinsregister eingetragen.<\/p>\n<p><strong>\u00a7 5 Erwerb der Mitgliedschaft<\/strong><\/p>\n<ul>\n<li style=\"text-align: justify;\">Mitglied des Vereins kann jede nat\u00fcrliche Person ohne R\u00fccksicht auf das Geschlecht, den Beruf, die Staatsangeh\u00f6rigkeit oder seine politische oder religi\u00f6se \u00dcberzeugung werden.<\/li>\n<li style=\"text-align: justify;\">Die Mitgliedschaft entsteht durch Eintritt in den Verein.<\/li>\n<li style=\"text-align: justify;\">Antr\u00e4ge auf Erwerb der Mitgliedschaft sind grunds\u00e4tzlich schriftlich an den Vorstand zu richten. Antr\u00e4ge von Minderj\u00e4hrigen bed\u00fcrfen der Zustimmung des gesetzlichen Vertreters.<\/li>\n<li style=\"text-align: justify;\">\u00dcber die Aufnahme entscheidet der Vorstand. Der Eintritt wird durch die Aush\u00e4ndigung einer schriftlichen Aufnahmeerkl\u00e4rung wirksam.<\/li>\n<li style=\"text-align: justify;\">Ein Aufnahmeanspruch besteht nicht.<\/li>\n<\/ul>\n<p><strong>\u00a7 6 Verlust der Mitgliedschaft<\/strong><\/p>\n<ul>\n<li style=\"text-align: justify;\">Die Mitgliedschaft erlischt durch Austritt, Tod oder Ausschluss aus dem Verein.<\/li>\n<li style=\"text-align: justify;\">Die Mitglieder sind zum Austritt aus dem Verein berechtigt. Der Austritt ist dem Vorstand schriftlich mitzuteilen.<\/li>\n<li style=\"text-align: justify;\">Der Austritt kann nur zum 31. Dezember eines Jahres erkl\u00e4rt werden.<\/li>\n<li style=\"text-align: justify;\">Alle vereinseigenen Gegenst\u00e4nde sind beim Austritt zur\u00fcckzugeben oder geldlich zum Neuwert zu erstatten.<\/li>\n<li style=\"text-align: justify;\">Im Todesfall erlischt die Mitgliedschaft automatisch.<\/li>\n<li style=\"text-align: justify;\">Der Ausschluss eines Mitglieds kann auf Antrag des Vorstands von der Mitgliederversammlung beschlossen werden.<\/li>\n<li style=\"text-align: justify;\">Der Ausschluss aus dem Verein ist nur bei wichtigem Grund zul\u00e4ssig.<\/li>\n<\/ul>\n<p><strong>\u00a7 7 Mitgliedsbeitr\u00e4ge<\/strong><\/p>\n<ul>\n<li style=\"text-align: justify;\">Von den Mitgliedern werden Beitr\u00e4ge erhoben. Diese Beitr\u00e4ge werden j\u00e4hrlich f\u00e4llig, und zwar zum 1. Januar f\u00fcr das ganze Jahr.<\/li>\n<li style=\"text-align: justify;\">Die H\u00f6he der Mitgliedsbeitr\u00e4ge wird von der Mitgliederversammlung festgelegt. Jedoch d\u00fcrfen die Beitr\u00e4ge eine Mindesth\u00f6he von Euro 11,11 pro Halbjahr nicht unterschreiten.<\/li>\n<\/ul>\n<p><strong>\u00a7 8 Organe des Vereins<\/strong><\/p>\n<p>Organe des Vereins sind:<\/p>\n<ul>\n<li>die Mitgliederversammlung<\/li>\n<li>der Vorstand<\/li>\n<li>der Senat<\/li>\n<\/ul>\n<p><strong>\u00a7 9 Mitgliederversammlung<\/strong><\/p>\n<ul>\n<li style=\"text-align: justify;\">Die ordentliche Mitgliederversammlung findet jedes Jahr statt, und zwar mindestens zwei Wochen vor dem 11. November.<\/li>\n<li style=\"text-align: justify;\">Eine au\u00dferordentliche Mitgliederversammlung ist innerhalb einer Frist von 14 Tagen mit entsprechender Tagesordnung einzuberufen, wenn\n<ul>\n<li>der Vorstand dies beschlie\u00dft,<\/li>\n<li style=\"text-align: justify;\">1\/10 aller stimmberechtigten Mitglieder dies schriftlich beim Vorstand beantragen unter Angabe der Gr\u00fcnde.<\/li>\n<\/ul>\n<\/li>\n<li style=\"text-align: justify;\">Die Einberufung der Mitgliederversammlung erfolgt durch den Vorstand. Sie geschieht in Form schriftlicher Einladung an alle Mitglieder. Die Einladung muss eine Tagesordnung enthalten.<\/li>\n<li style=\"text-align: justify;\">Die Mitgliederversammlung ist ohne R\u00fccksicht auf die Zahl der erschienenen Mitglieder beschlussf\u00e4hig.<\/li>\n<li style=\"text-align: justify;\">Beschl\u00fcsse werden mit einfacher Mehrheit der anwesenden stimmberechtigten Mitglieder gefasst, sofern die Satzung nicht ein anderes bestimmt.<\/li>\n<li style=\"text-align: justify;\">Satzungs\u00e4nderungen k\u00f6nnen nur mit einer Mehrheit von 3\/4 der anwesenden Mitglieder beschlossen werden.<\/li>\n<li style=\"text-align: justify;\">Es wird durch Handzeichen abgestimmt. Auf Antrag von mindestens 1 der Anwesenden ist schriftlich und geheim abzustimmen.<\/li>\n<li style=\"text-align: justify;\">Jedes Mitglied ist berechtigt, Antr\u00e4ge f\u00fcr die Mitgliederversammlung einzureichen.<\/li>\n<li style=\"text-align: justify;\">Die Niederschriften werden vom Schriftf\u00fchrer und dem Vorsitzenden unterschrieben.<\/li>\n<\/ul>\n<p><strong>\u00a7 10 Vorstand<\/strong><\/p>\n<ul>\n<li style=\"text-align: justify;\">Vorstand im Sinne des \u00a7 26 BGB sind der Pr\u00e4sident, der Vizepr\u00e4sident, der Schriftf\u00fchrer, der Schatzmeister und der Mitgliederbetreuer sowie zwei durch den Senat bestimmte Beisitzer.<\/li>\n<li style=\"text-align: justify;\">Der Vorstand wird durch Beschluss der Mitgliederversammlung auf die Dauer von zwei Jahren bestellt. Er bleibt bis zur satzungsgem\u00e4\u00dfen Bestellung des n\u00e4chsten Vorstands im Amt.<\/li>\n<li style=\"text-align: justify;\">Der Vorstand vertritt den Verein gerichtlich und au\u00dfergerichtlich. Jedes Vorstandsmitglied ist allein vertretungsberechtigt.<\/li>\n<li style=\"text-align: justify;\">Der Vorstand entscheidet mit Stimmenmehrheit. Bei Stimmengleichheit entscheidet die Stimme des Pr\u00e4sidenten.<\/li>\n<\/ul>\n<p><strong>\u00a7 11 Senat<\/strong><\/p>\n<ul>\n<li>Der Senat besteht aus den 10 unterzeichnenden Gr\u00fcndungsmitgliedern.<\/li>\n<li style=\"text-align: justify;\">Bei Ausscheiden eines Senatsmitglieds ist ein Nachfolger zu bestimmen. Dies geschieht durch die \u00fcbrigen Senatoren.<\/li>\n<li style=\"text-align: justify;\">Der Senat entsendet zwei Vertreter in den Vorstand. Diese sind in einfacher Wahl durch den Senat f\u00fcr zwei Jahre zu bestimmen.<\/li>\n<li style=\"text-align: justify;\">Der Senat unterst\u00fctzt den Vorstand bei der Erf\u00fcllung des Vereinszwecks und hat dar\u00fcber hinaus repr\u00e4sentative Aufgaben.<\/li>\n<\/ul>\n<p><strong>\u00a7 12 Kassenpr\u00fcfung<\/strong><\/p>\n<p style=\"text-align: justify;\">Die Kasse des Vereins wird jedes Jahr durch zwei von der Mitgliederversammlung gew\u00e4hlte Kassenpr\u00fcfer gepr\u00fcft. Die Kassenpr\u00fcfer erstatten der Mitgliederversammlung einen Pr\u00fcfungsbericht und beantragen bei ordnungsgem\u00e4\u00dfer F\u00fchrung die Entlastung des Vorstands.<\/p>\n<p><strong>\u00a7 13 Aufl\u00f6sung des Vereins<\/strong><\/p>\n<ul>\n<li style=\"text-align: justify;\">Die Aufl\u00f6sung des Vereins kann nur auf einer Mitgliederversammlung beschlossen werden.<\/li>\n<li style=\"text-align: justify;\">Die Aufl\u00f6sung kann nur beschlossen werden, wenn 3\/4 der anwesenden Mitglieder daf\u00fcr stimmen. Nicht anwesende Mitglieder k\u00f6nnen ihre Stimme schriftlich abgeben.<\/li>\n<li style=\"text-align: justify;\">Bei Aufl\u00f6sung des Vereins oder Wegfall seines bisherigen Zwecks f\u00e4llt das Verm\u00f6gen des Vereins an die AIDS-Hilfe K\u00f6ln e.V., Beethovenstr. 1, 50674 K\u00f6ln, die es unmittelbar und ausschlie\u00dflich f\u00fcr gemeinn\u00fctzige Zwecke verwendet.<\/li>\n<li>F\u00fcr die Durchf\u00fchrung der Aufl\u00f6sung werden 2 Liquidatoren bestellt.<\/li>\n<\/ul>\n","protected":false},"excerpt":{"rendered":"<p>in der Fassung vom 6. Mai 2008 \u00a7 1 Name Der Verein f\u00fchrt den Namen \u201eKarnevalsgesellschaft Haufenlaufen von 1998\u201c Er f\u00fchrt den Namenszusatz \u201eeingetragener Verein\u201c in der abgek\u00fcrzten Form \u201ee.V.\u201c Vereinsfarben sind lila und&#46;&#46;&#46;<\/p>\n","protected":false},"author":1,"featured_media":0,"parent":0,"menu_order":0,"comment_status":"closed","ping_status":"closed","template":"","meta":{"jetpack_post_was_ever_published":false,"footnotes":""},"class_list":["post-54","page","type-page","status-publish","hentry"],"jetpack_sharing_enabled":true,"jetpack_shortlink":"https:\/\/wp.me\/PaqijN-S","jetpack_likes_enabled":true,"_links":{"self":[{"href":"https:\/\/my.haufenlaufen.com\/index.php?rest_route=\/wp\/v2\/pages\/54","targetHints":{"allow":["GET"]}}],"collection":[{"href":"https:\/\/my.haufenlaufen.com\/index.php?rest_route=\/wp\/v2\/pages"}],"about":[{"href":"https:\/\/my.haufenlaufen.com\/index.php?rest_route=\/wp\/v2\/types\/page"}],"author":[{"embeddable":true,"href":"https:\/\/my.haufenlaufen.com\/index.php?rest_route=\/wp\/v2\/users\/1"}],"replies":[{"embeddable":true,"href":"https:\/\/my.haufenlaufen.com\/index.php?rest_route=%2Fwp%2Fv2%2Fcomments&post=54"}],"version-history":[{"count":4,"href":"https:\/\/my.haufenlaufen.com\/index.php?rest_route=\/wp\/v2\/pages\/54\/revisions"}],"predecessor-version":[{"id":509,"href":"https:\/\/my.haufenlaufen.com\/index.php?rest_route=\/wp\/v2\/pages\/54\/revisions\/509"}],"wp:attachment":[{"href":"https:\/\/my.haufenlaufen.com\/index.php?rest_route=%2Fwp%2Fv2%2Fmedia&parent=54"}],"curies":[{"name":"wp","href":"https:\/\/api.w.org\/{rel}","templated":true}]}}