{"id":310,"date":"2018-11-11T11:11:34","date_gmt":"2018-11-11T10:11:34","guid":{"rendered":"http:\/\/my.haufenlaufen.com\/?page_id=310"},"modified":"2022-09-01T23:46:52","modified_gmt":"2022-09-01T21:46:52","slug":"zweigestirn","status":"publish","type":"page","link":"https:\/\/my.haufenlaufen.com\/?page_id=310","title":{"rendered":"Zweigestirn"},"content":{"rendered":"\n<p class=\"has-text-align-center\"><strong>D\u00fcrfen wir vorstellen?<br>Unser Team Zweigestirn f\u00fcr die Session 2022\/2023<\/strong><\/p>\n\n\n<div class=\"wp-block-image\">\n<figure class=\"aligncenter size-large\"><img data-recalc-dims=\"1\" loading=\"lazy\" decoding=\"async\" width=\"1024\" height=\"768\" data-attachment-id=\"2459\" data-permalink=\"https:\/\/my.haufenlaufen.com\/?attachment_id=2459\" data-orig-file=\"https:\/\/i0.wp.com\/my.haufenlaufen.com\/wp-content\/uploads\/2022\/08\/P1010197-scaled.jpg?fit=2560%2C1920&amp;ssl=1\" data-orig-size=\"2560,1920\" data-comments-opened=\"1\" data-image-meta=\"{&quot;aperture&quot;:&quot;0&quot;,&quot;credit&quot;:&quot;&quot;,&quot;camera&quot;:&quot;&quot;,&quot;caption&quot;:&quot;OLYMPUS DIGITAL CAMERA&quot;,&quot;created_timestamp&quot;:&quot;0&quot;,&quot;copyright&quot;:&quot;&quot;,&quot;focal_length&quot;:&quot;0&quot;,&quot;iso&quot;:&quot;0&quot;,&quot;shutter_speed&quot;:&quot;0&quot;,&quot;title&quot;:&quot;OLYMPUS DIGITAL CAMERA&quot;,&quot;orientation&quot;:&quot;0&quot;}\" data-image-title=\"OLYMPUS DIGITAL CAMERA\" data-image-description=\"\" data-image-caption=\"&lt;p&gt;OLYMPUS DIGITAL CAMERA&lt;\/p&gt;\n\" data-large-file=\"https:\/\/i0.wp.com\/my.haufenlaufen.com\/wp-content\/uploads\/2022\/08\/P1010197-scaled.jpg?fit=1024%2C768&amp;ssl=1\" src=\"https:\/\/i0.wp.com\/my.haufenlaufen.com\/wp-content\/uploads\/2022\/08\/P1010197.jpg?resize=1024%2C768&#038;ssl=1\" alt=\"\" class=\"wp-image-2459\" srcset=\"https:\/\/i0.wp.com\/my.haufenlaufen.com\/wp-content\/uploads\/2022\/08\/P1010197-scaled.jpg?resize=1024%2C768&amp;ssl=1 1024w, https:\/\/i0.wp.com\/my.haufenlaufen.com\/wp-content\/uploads\/2022\/08\/P1010197-scaled.jpg?resize=300%2C225&amp;ssl=1 300w, https:\/\/i0.wp.com\/my.haufenlaufen.com\/wp-content\/uploads\/2022\/08\/P1010197-scaled.jpg?resize=768%2C576&amp;ssl=1 768w, https:\/\/i0.wp.com\/my.haufenlaufen.com\/wp-content\/uploads\/2022\/08\/P1010197-scaled.jpg?resize=1536%2C1152&amp;ssl=1 1536w, https:\/\/i0.wp.com\/my.haufenlaufen.com\/wp-content\/uploads\/2022\/08\/P1010197-scaled.jpg?resize=2048%2C1536&amp;ssl=1 2048w\" sizes=\"auto, (max-width: 1000px) 100vw, 1000px\" \/><figcaption>Alte Lackwurst Pikachu I. (Thomas Piernikarczyk) mit Umsbusche Suny I. (Sonja L\u00fctzenkirchen) und dem Team Eichel 2022 \/ 2023 v.l.n.r. Mandy Fuchs, Gerrit L\u00fctzenkirchen und Janine Henk<\/figcaption><\/figure>\n<\/div>\n\n\n<p class=\"has-text-align-justify\"><strong>Sonja L\u00fctzenkirchen<\/strong>, als Sonja Wilczak am 24.01.1993 in Aachen geboren, lernte in Frankreich einen Pullemer Jung kennen und nach kurzer Zeit f\u00e4rbte dessen Begeisterung f\u00fcr den Karneval auf sie ab. Sechs Jahre war sie in Budapest, um ihr Medizinstudium zu absolvieren und arbeitet nun im Uniklinikum Aachen als Assistenz\u00e4rztin f\u00fcr An\u00e4sthesiologie und Notfallmedizin. Mit ihrem Mann Gerrit wohnt sie in Freialdenhoven und studiert neben ihrer Vollzeitstelle noch im Masterstudiengang Medical Data Sience, k\u00fcmmert sich um das viele Obst und die Pflanzen in ihrem Garten oder organisiert Partys f\u00fcr ihre Freunde, die sie auch sonst gerne trifft und was mit ihnen unternimmt. <br>\u00dcber Gerrit kam sie auch zur KG Haufenlaufen und ist auf jeder besuchten Veranstaltung auf der Jagd nach neuen Pins, f\u00fcr ihre mittlerweile sehr umfangreiche Sammlung. Die junge \u00c4rztin zeigt stets viel Leidenschaft und Engagement bei Projekten, die sie verfolgt. So motivierte sie ihr Team und gl\u00e4nzte mit \u00dcberredungskunst, um die hoffentlich erste Session nach der Pandemie mit Spa\u00df, Enthusiasmus und Energie zu bestreiten. Als <strong>Umsbusche Suny I.<\/strong> wird sie mit bester Laune durch die Zelte und S\u00e4\u00e4le wirbeln.<\/p>\n\n\n\n<hr class=\"wp-block-separator has-alpha-channel-opacity is-style-dots\"\/>\n\n\n\n<p class=\"has-text-align-justify\">Als <strong>Thomas Piernikarczyk<\/strong> geboren, am 03.09.1990, und von vielen nur Pikachu gerufen, hat unsere diesj\u00e4hrige Lackwurst ihren beruflichen Werdegang 2007 als Koch begonnen und hat die Ausbildung 2011 erfolgreich abgeschlossen. Der berufliche Wechsel zum Berufssoldaten erfolgte zeitnah. Zun\u00e4chst als Transportsoldat mit Unterbringung in der Kaserne unter der Woche. Gef\u00fcrchtet war stets der Anblick von Thomas an einem Freitagabend, an den Haust\u00fcren seiner Freunde, mit gr\u00fcner Reisetasche, da er das Wochenende nun einfach da war. Mittlerweile hat Thomas einen festen Wohnsitz in Glessen mit seiner Freundin. Mit seinen Freunden bet\u00e4tigt er sich regelm\u00e4\u00dfig sportlich, geht wandern, f\u00e4hrt Fahrrad oder macht im Allgemeinen alles, bei dem er sich so richtig auspowern kann. Auf Pikachu ist stets Verlass, er gl\u00e4nzt mit P\u00fcnktlichkeit, worauf er sehr stolz ist, und Hilfsbereitschaft. In Thomas vereinigt sich Motivationschoach mit energiegeladenem Kleinkind, weshalb es nie langweilig mit ihm wird.<br>Wann Thomas der KG Haufenlaufen beigetreten ist, wei\u00df er gar nicht mehr, gef\u00fchlt ist es ewig. Nach reichlicher \u00dcberredungskunst seiner Umsbusche und Aufkl\u00e4rungsunterricht durch Gerrit stimmte Thomas letztendlich zu, Teil des Zweigestirns zu werden. Er freut sich sehr auf die Session als <strong>alte Lackwurst Pikachu I.<\/strong> und die vielen Karnevalisten, die mit ihm feiern wollen. <\/p>\n\n\n\n<hr class=\"wp-block-separator has-alpha-channel-opacity is-style-dots\"\/>\n\n\n\n<p class=\"has-text-align-justify\"><strong>Gerrit L\u00fctzenkirchen<\/strong> ist am 06.01.1991 geboren und mit dem Karneval aufgewachsen. Als kleiner Tanzmajor im Kindertanzcorps und als Kinderprinz Gerrit I. hat er schon reichlich B\u00fchnenerfahrung gesammelt. Auch die Sessionen als Lackwurst und Bruder Eichel bei der KG Haufenlaufen helfen ihm jetzt im Team Eichel, das Zweigestirn durch eine erfolgreiche Session zu begleiten. Als Ehemann der Umsbusche sah er sich mehr oder weniger gen\u00f6tigt, seine Frau durch die Session zu begleiten und ihre Ahnungslosigkeit der Gebr\u00e4uche zu kaschieren. Auch wenn er Unkraut nicht von Kr\u00e4utern unterscheiden kann, versucht er sich eifrig an der Gartenarbeit, macht Traktoren und Motorr\u00e4der fit und begeistert sein Publikum mit Gitarrensoli und Gesang. Unter seinen Freunden wird er liebevoll Google genannt und hat zu jedem Thema eine Meinung. <br>Als IT-Systemelektroniker bei NetCologne war er als alte Lackwurst Finn I. neben seiner Ausbildung bereits in seiner dritten Session als Mitglied eines Tollit\u00e4ten-Teams. Mittlerweile arbeitet er bei einem EDV-Systemhaus in Meerbusch, das ca. 300 Arztpraxen betreut und leitet die technische Abteilung. <\/p>\n\n\n\n<p class=\"has-text-align-justify\"><strong>Mandy Fuchs<\/strong> wurde am 19.04.1987 geboren und ist in Dessau aufgewachsen. Dort hat sie nach der Realschule 2003 eine Ausbildung zur PTA abgeschlossen und bis November 2012 in Calbe in einer Blisterabteilung gearbeitet. Ihre Schwester motivierte sie dann zumindest in die N\u00e4he von Pulheim zu ziehen und sie hat eine Stelle in einer Apotheke in M\u00f6nchengladbach angenommen, in der sie bis heute arbeitet. H\u00e4ufig bezieht das Ziehkind der Umsbusche das G\u00e4stezimmer dieser, da laue Sommern\u00e4chte mit Cocktails, guter Musik und angeregtem Gespr\u00e4ch zu ihrer Leidenschaft z\u00e4hlen. Im Poledance lebt sie ihre Begeisterung zum Tanzen aus und ist bei jeder Tanzveranstaltung mit guter Laune auf der Tanzfl\u00e4che zu finden.<br>Da ein gro\u00dfer Teil ihres Freundeskreises, den sie hier gefunden hat. Mitglied in der KG Haufenlaufen ist, lies sie sich nach ihrem Beitritt 2013 bereits auf eine Session als Umsbusche Foxy I. ein, wodurch sie auf eine Session im Team Eichel vorbereitet ist.<\/p>\n\n\n\n<p class=\"has-text-align-justify\"><strong>Janine Henk<\/strong> ist am 12.11.1992 geboren und wie Gerrit in Sinnersdorf aufgewachsen. Hier kam auch sie \u00fcber die KG Blau Weiss Sinnersdorf mit dem Karneval \u00fcber das Tanzcorps in Ber\u00fchrung und hat nach ihrem Realschulabschluss 2009 eine Ausbildung zur Masseurin und med. Bademeisterin abgeschlossen. Als Umsbusche Nine I. hat sie zur gleichen Zeit erste Erfahrungen mit dem Auftritt im Team Zweigestirn gemacht. In den folgenden Jahren hat sie Ihre Qualit\u00e4ten unter anderem als Schwester Eichel und Prinzenf\u00fchrerin unter Beweis gestellt. Durch exzellente Planungen von Geschenken, Partys, Spieletagen, den gro\u00dfen Campingeink\u00e4ufen, Wanderungen und vielen weiteren Projekten zeichnet sich Nine immer wieder aus. Auch wenn sie viel um die Ohren hat, m\u00f6chte sie ihr Organisationstalent in dieser Sesseion erneut unter beweis stellen. Die Mama des Teams Zweigestirn lebt mit ihrer Tochter Romina und ihrem Mann Pascal in Sinnersdorf. Beruflich hat sie sich zur Physiotherapeutin weiterqualifiziert und arbeitet heute in Wiesdorf im Krankenhaus, wo sie sich auf das Gebiet der Geriatrie spezialisiert hat.<\/p>\n\n\n\n<h4 class=\"has-text-align-center wp-block-heading\">Das Team Zweigestirn freut sich auf eine tolle Session mit dem Traditionschor und den Dreigestirnen aus Sinnersdorf und Pulheim und m\u00f6chte mit euch ausrufen<\/h4>\n\n\n\n<h2 class=\"has-text-align-center wp-block-heading\"><strong><em>Haufen &#8211; Lauf<\/em><\/strong><\/h2>\n\n\n\n<h2 class=\"has-text-align-center wp-block-heading\"><em><strong>Usche &#8211; Bums<\/strong><\/em><\/h2>\n\n\n\n<h2 class=\"has-text-align-center wp-block-heading\"><strong><em>Haufen &#8211; Lauf<\/em><\/strong><\/h2>\n\n\n\n<hr class=\"wp-block-separator has-css-opacity is-style-wide\"\/>\n\n\n<noscript class=\"ninja-forms-noscript-message\">\n\tHinweis: F\u00fcr diesen Inhalt ist JavaScript erforderlich.<\/noscript>\n<div id=\"nf-form-20-cont\" class=\"nf-form-cont\" aria-live=\"polite\" aria-labelledby=\"nf-form-title-20\" aria-describedby=\"nf-form-errors-20\" role=\"form\">\n\n    <div class=\"nf-loading-spinner\"><\/div>\n\n<\/div>\n        <!-- That data is being printed as a workaround to page builders reordering the order of the scripts loaded-->\n        <script>var formDisplay=1;var nfForms=nfForms||[];var form=[];form.id='20';form.settings={\"objectType\":\"Form Setting\",\"editActive\":true,\"title\":\"Kontakt zum Zweigestirn\",\"created_at\":\"2016-08-24 16:39:20\",\"form_title\":\"Contact Me\",\"default_label_pos\":\"above\",\"show_title\":\"1\",\"clear_complete\":\"1\",\"hide_complete\":\"1\",\"logged_in\":\"0\",\"key\":\"\",\"conditions\":[],\"wrapper_class\":\"\",\"element_class\":\"\",\"add_submit\":\"1\",\"not_logged_in_msg\":\"\",\"sub_limit_number\":\"\",\"sub_limit_msg\":\"\",\"calculations\":[],\"formContentData\":[\"name\",\"email\",\"deine_nachricht_ans_team_zweigestirn_1573473908556\",\"absenden_1573473920824\"],\"container_styles_background-color\":\"\",\"container_styles_border\":\"\",\"container_styles_border-style\":\"\",\"container_styles_border-color\":\"\",\"container_styles_color\":\"\",\"container_styles_height\":\"\",\"container_styles_width\":\"\",\"container_styles_font-size\":\"\",\"container_styles_margin\":\"\",\"container_styles_padding\":\"\",\"container_styles_display\":\"\",\"container_styles_float\":\"\",\"container_styles_show_advanced_css\":\"0\",\"container_styles_advanced\":\"\",\"title_styles_background-color\":\"\",\"title_styles_border\":\"\",\"title_styles_border-style\":\"\",\"title_styles_border-color\":\"\",\"title_styles_color\":\"\",\"title_styles_height\":\"\",\"title_styles_width\":\"\",\"title_styles_font-size\":\"\",\"title_styles_margin\":\"\",\"title_styles_padding\":\"\",\"title_styles_display\":\"\",\"title_styles_float\":\"\",\"title_styles_show_advanced_css\":\"0\",\"title_styles_advanced\":\"\",\"row_styles_background-color\":\"\",\"row_styles_border\":\"\",\"row_styles_border-style\":\"\",\"row_styles_border-color\":\"\",\"row_styles_color\":\"\",\"row_styles_height\":\"\",\"row_styles_width\":\"\",\"row_styles_font-size\":\"\",\"row_styles_margin\":\"\",\"row_styles_padding\":\"\",\"row_styles_display\":\"\",\"row_styles_show_advanced_css\":\"0\",\"row_styles_advanced\":\"\",\"row-odd_styles_background-color\":\"\",\"row-odd_styles_border\":\"\",\"row-odd_styles_border-style\":\"\",\"row-odd_styles_border-color\":\"\",\"row-odd_styles_color\":\"\",\"row-odd_styles_height\":\"\",\"row-odd_styles_width\":\"\",\"row-odd_styles_font-size\":\"\",\"row-odd_styles_margin\":\"\",\"row-odd_styles_padding\":\"\",\"row-odd_styles_display\":\"\",\"row-odd_styles_show_advanced_css\":\"0\",\"row-odd_styles_advanced\":\"\",\"success-msg_styles_background-color\":\"\",\"success-msg_styles_border\":\"\",\"success-msg_styles_border-style\":\"\",\"success-msg_styles_border-color\":\"\",\"success-msg_styles_color\":\"\",\"success-msg_styles_height\":\"\",\"success-msg_styles_width\":\"\",\"success-msg_styles_font-size\":\"\",\"success-msg_styles_margin\":\"\",\"success-msg_styles_padding\":\"\",\"success-msg_styles_display\":\"\",\"success-msg_styles_show_advanced_css\":\"0\",\"success-msg_styles_advanced\":\"\",\"error_msg_styles_background-color\":\"\",\"error_msg_styles_border\":\"\",\"error_msg_styles_border-style\":\"\",\"error_msg_styles_border-color\":\"\",\"error_msg_styles_color\":\"\",\"error_msg_styles_height\":\"\",\"error_msg_styles_width\":\"\",\"error_msg_styles_font-size\":\"\",\"error_msg_styles_margin\":\"\",\"error_msg_styles_padding\":\"\",\"error_msg_styles_display\":\"\",\"error_msg_styles_show_advanced_css\":\"0\",\"error_msg_styles_advanced\":\"\",\"allow_public_link\":0,\"embed_form\":\"\",\"changeEmailErrorMsg\":\"Bitte gib eine g\\u00fcltige E-Mail-Adresse ein.\",\"changeDateErrorMsg\":\"Bitte gib ein g\\u00fcltiges Datum ein!\",\"confirmFieldErrorMsg\":\"Diese Felder m\\u00fcssen \\u00fcbereinstimmen!\",\"fieldNumberNumMinError\":\"Die eingegebene Zahl ist zu klein.\",\"fieldNumberNumMaxError\":\"Die eingegebene Zahl ist zu gross.\",\"fieldNumberIncrementBy\":\"Bitte erh\\u00f6hen in Schritten von\",\"formErrorsCorrectErrors\":\"Bitte korrigiere die Fehler, bevor du das Formular sendest.\",\"validateRequiredField\":\"Dies ist ein Pflichtfeld.\",\"honeypotHoneypotError\":\"Honeypot-Fehler\",\"fieldsMarkedRequired\":\"Felder mit einem <span class=\\\"ninja-forms-req-symbol\\\">*<\\\/span> sind Pflichtfelder\",\"currency\":\"\",\"unique_field_error\":\"A form with this value has already been submitted.\",\"drawerDisabled\":false,\"ninjaForms\":\"Ninja Forms\",\"fieldTextareaRTEInsertLink\":\"Link einf\\u00fcgen\",\"fieldTextareaRTEInsertMedia\":\"Medien einf\\u00fcgen\",\"fieldTextareaRTESelectAFile\":\"Eine Datei ausw\\u00e4hlen\",\"formHoneypot\":\"Falls du ein Mensch bist und dieses Feld siehst, dann lasse es bitte leer.\",\"fileUploadOldCodeFileUploadInProgress\":\"Datei-Upload l\\u00e4uft.\",\"fileUploadOldCodeFileUpload\":\"DATEI-UPLOAD\",\"currencySymbol\":\"&euro;\",\"thousands_sep\":\".\",\"decimal_point\":\",\",\"siteLocale\":\"de_DE\",\"dateFormat\":\"mm\\\/dd\\\/YYYY\",\"startOfWeek\":\"1\",\"of\":\"von\",\"previousMonth\":\"Vorheriger Monat\",\"nextMonth\":\"N\\u00e4chster Monat\",\"months\":[\"Januar\",\"Februar\",\"M\\u00e4rz\",\"April\",\"Mai\",\"Juni\",\"Juli\",\"August\",\"September\",\"Oktober\",\"November\",\"Dezember\"],\"monthsShort\":[\"Jan.\",\"Feb.\",\"M\\u00e4rz\",\"Apr.\",\"Mai\",\"Juni\",\"Juli\",\"Aug\",\"Sep.\",\"Okt.\",\"Nov.\",\"Dez.\"],\"weekdays\":[\"Sonntag\",\"Montag\",\"Dienstag\",\"Mittwoch\",\"Donnerstag\",\"Freitag\",\"Samstag\"],\"weekdaysShort\":[\"So.\",\"Mo.\",\"Di.\",\"Mi.\",\"Do.\",\"Fr.\",\"Sa.\"],\"weekdaysMin\":[\"So.\",\"Mo.\",\"Di.\",\"Mi.\",\"Do.\",\"Fr.\",\"Sa.\"],\"recaptchaConsentMissing\":\"reCaptcha validation couldn&#039;t load.\",\"recaptchaMissingCookie\":\"reCaptcha v3 validation couldn&#039;t load the cookie needed to submit the form.\",\"recaptchaConsentEvent\":\"Accept reCaptcha cookies before sending the form.\",\"currency_symbol\":\"\",\"beforeForm\":\"\",\"beforeFields\":\"\",\"afterFields\":\"\",\"afterForm\":\"\"};form.fields=[{\"objectType\":\"Field\",\"objectDomain\":\"fields\",\"editActive\":false,\"order\":1,\"label\":\"Name\",\"key\":\"name\",\"type\":\"textbox\",\"created_at\":\"2016-08-24 16:39:20\",\"label_pos\":\"above\",\"required\":1,\"placeholder\":\"\",\"default\":\"\",\"wrapper_class\":\"\",\"element_class\":\"\",\"container_class\":\"\",\"input_limit\":\"\",\"input_limit_type\":\"characters\",\"input_limit_msg\":\"Character(s) left\",\"manual_key\":\"\",\"disable_input\":\"\",\"admin_label\":\"\",\"help_text\":\"\",\"desc_text\":\"\",\"disable_browser_autocomplete\":\"\",\"mask\":\"\",\"custom_mask\":\"\",\"wrap_styles_background-color\":\"\",\"wrap_styles_border\":\"\",\"wrap_styles_border-style\":\"\",\"wrap_styles_border-color\":\"\",\"wrap_styles_color\":\"\",\"wrap_styles_height\":\"\",\"wrap_styles_width\":\"\",\"wrap_styles_font-size\":\"\",\"wrap_styles_margin\":\"\",\"wrap_styles_padding\":\"\",\"wrap_styles_display\":\"\",\"wrap_styles_float\":\"\",\"wrap_styles_show_advanced_css\":0,\"wrap_styles_advanced\":\"\",\"label_styles_background-color\":\"\",\"label_styles_border\":\"\",\"label_styles_border-style\":\"\",\"label_styles_border-color\":\"\",\"label_styles_color\":\"\",\"label_styles_height\":\"\",\"label_styles_width\":\"\",\"label_styles_font-size\":\"\",\"label_styles_margin\":\"\",\"label_styles_padding\":\"\",\"label_styles_display\":\"\",\"label_styles_float\":\"\",\"label_styles_show_advanced_css\":0,\"label_styles_advanced\":\"\",\"element_styles_background-color\":\"\",\"element_styles_border\":\"\",\"element_styles_border-style\":\"\",\"element_styles_border-color\":\"\",\"element_styles_color\":\"\",\"element_styles_height\":\"\",\"element_styles_width\":\"\",\"element_styles_font-size\":\"\",\"element_styles_margin\":\"\",\"element_styles_padding\":\"\",\"element_styles_display\":\"\",\"element_styles_float\":\"\",\"element_styles_show_advanced_css\":0,\"element_styles_advanced\":\"\",\"cellcid\":\"c3277\",\"field_label\":\"Name\",\"field_key\":\"name\",\"custom_name_attribute\":\"\",\"personally_identifiable\":\"\",\"value\":\"\",\"id\":405,\"beforeField\":\"\",\"afterField\":\"\",\"parentType\":\"textbox\",\"element_templates\":[\"textbox\",\"input\"],\"old_classname\":\"\",\"wrap_template\":\"wrap\"},{\"objectType\":\"Field\",\"objectDomain\":\"fields\",\"editActive\":false,\"order\":2,\"label\":\"Email\",\"key\":\"email\",\"type\":\"email\",\"created_at\":\"2016-08-24 16:39:20\",\"label_pos\":\"above\",\"required\":1,\"placeholder\":\"\",\"default\":\"\",\"wrapper_class\":\"\",\"element_class\":\"\",\"container_class\":\"\",\"admin_label\":\"\",\"help_text\":\"\",\"desc_text\":\"\",\"wrap_styles_background-color\":\"\",\"wrap_styles_border\":\"\",\"wrap_styles_border-style\":\"\",\"wrap_styles_border-color\":\"\",\"wrap_styles_color\":\"\",\"wrap_styles_height\":\"\",\"wrap_styles_width\":\"\",\"wrap_styles_font-size\":\"\",\"wrap_styles_margin\":\"\",\"wrap_styles_padding\":\"\",\"wrap_styles_display\":\"\",\"wrap_styles_float\":\"\",\"wrap_styles_show_advanced_css\":0,\"wrap_styles_advanced\":\"\",\"label_styles_background-color\":\"\",\"label_styles_border\":\"\",\"label_styles_border-style\":\"\",\"label_styles_border-color\":\"\",\"label_styles_color\":\"\",\"label_styles_height\":\"\",\"label_styles_width\":\"\",\"label_styles_font-size\":\"\",\"label_styles_margin\":\"\",\"label_styles_padding\":\"\",\"label_styles_display\":\"\",\"label_styles_float\":\"\",\"label_styles_show_advanced_css\":0,\"label_styles_advanced\":\"\",\"element_styles_background-color\":\"\",\"element_styles_border\":\"\",\"element_styles_border-style\":\"\",\"element_styles_border-color\":\"\",\"element_styles_color\":\"\",\"element_styles_height\":\"\",\"element_styles_width\":\"\",\"element_styles_font-size\":\"\",\"element_styles_margin\":\"\",\"element_styles_padding\":\"\",\"element_styles_display\":\"\",\"element_styles_float\":\"\",\"element_styles_show_advanced_css\":0,\"element_styles_advanced\":\"\",\"cellcid\":\"c3281\",\"field_label\":\"Email\",\"field_key\":\"email\",\"custom_name_attribute\":\"email\",\"personally_identifiable\":1,\"value\":\"\",\"id\":406,\"beforeField\":\"\",\"afterField\":\"\",\"parentType\":\"email\",\"element_templates\":[\"email\",\"input\"],\"old_classname\":\"\",\"wrap_template\":\"wrap\"},{\"objectType\":\"Field\",\"objectDomain\":\"fields\",\"editActive\":false,\"order\":3,\"label\":\"Deine Nachricht ans Team Zweigestirn\",\"key\":\"deine_nachricht_ans_team_zweigestirn_1573473908556\",\"type\":\"textarea\",\"created_at\":\"2016-08-24 16:39:20\",\"label_pos\":\"above\",\"required\":1,\"placeholder\":\"\",\"default\":\"\",\"wrapper_class\":\"\",\"element_class\":\"\",\"container_class\":\"\",\"input_limit\":\"\",\"input_limit_type\":\"characters\",\"input_limit_msg\":\"Character(s) left\",\"manual_key\":\"\",\"disable_input\":\"\",\"admin_label\":\"\",\"help_text\":\"\",\"desc_text\":\"\",\"disable_browser_autocomplete\":\"\",\"textarea_rte\":\"\",\"disable_rte_mobile\":\"\",\"textarea_media\":\"\",\"wrap_styles_background-color\":\"\",\"wrap_styles_border\":\"\",\"wrap_styles_border-style\":\"\",\"wrap_styles_border-color\":\"\",\"wrap_styles_color\":\"\",\"wrap_styles_height\":\"\",\"wrap_styles_width\":\"\",\"wrap_styles_font-size\":\"\",\"wrap_styles_margin\":\"\",\"wrap_styles_padding\":\"\",\"wrap_styles_display\":\"\",\"wrap_styles_float\":\"\",\"wrap_styles_show_advanced_css\":0,\"wrap_styles_advanced\":\"\",\"label_styles_background-color\":\"\",\"label_styles_border\":\"\",\"label_styles_border-style\":\"\",\"label_styles_border-color\":\"\",\"label_styles_color\":\"\",\"label_styles_height\":\"\",\"label_styles_width\":\"\",\"label_styles_font-size\":\"\",\"label_styles_margin\":\"\",\"label_styles_padding\":\"\",\"label_styles_display\":\"\",\"label_styles_float\":\"\",\"label_styles_show_advanced_css\":0,\"label_styles_advanced\":\"\",\"element_styles_background-color\":\"\",\"element_styles_border\":\"\",\"element_styles_border-style\":\"\",\"element_styles_border-color\":\"\",\"element_styles_color\":\"\",\"element_styles_height\":\"\",\"element_styles_width\":\"\",\"element_styles_font-size\":\"\",\"element_styles_margin\":\"\",\"element_styles_padding\":\"\",\"element_styles_display\":\"\",\"element_styles_float\":\"\",\"element_styles_show_advanced_css\":0,\"element_styles_advanced\":\"\",\"cellcid\":\"c3284\",\"field_label\":\"Message\",\"field_key\":\"message\",\"value\":\"\",\"drawerDisabled\":false,\"id\":407,\"beforeField\":\"\",\"afterField\":\"\",\"parentType\":\"textarea\",\"element_templates\":[\"textarea\",\"input\"],\"old_classname\":\"\",\"wrap_template\":\"wrap\"},{\"objectType\":\"Field\",\"objectDomain\":\"fields\",\"editActive\":false,\"order\":5,\"label\":\"Absenden\",\"key\":\"absenden_1573473920824\",\"type\":\"submit\",\"created_at\":\"2016-08-24 16:39:20\",\"processing_label\":\"Verarbeite\",\"container_class\":\"\",\"element_class\":\"\",\"wrap_styles_background-color\":\"\",\"wrap_styles_border\":\"\",\"wrap_styles_border-style\":\"\",\"wrap_styles_border-color\":\"\",\"wrap_styles_color\":\"\",\"wrap_styles_height\":\"\",\"wrap_styles_width\":\"\",\"wrap_styles_font-size\":\"\",\"wrap_styles_margin\":\"\",\"wrap_styles_padding\":\"\",\"wrap_styles_display\":\"\",\"wrap_styles_float\":\"\",\"wrap_styles_show_advanced_css\":0,\"wrap_styles_advanced\":\"\",\"label_styles_background-color\":\"\",\"label_styles_border\":\"\",\"label_styles_border-style\":\"\",\"label_styles_border-color\":\"\",\"label_styles_color\":\"\",\"label_styles_height\":\"\",\"label_styles_width\":\"\",\"label_styles_font-size\":\"\",\"label_styles_margin\":\"\",\"label_styles_padding\":\"\",\"label_styles_display\":\"\",\"label_styles_float\":\"\",\"label_styles_show_advanced_css\":0,\"label_styles_advanced\":\"\",\"element_styles_background-color\":\"\",\"element_styles_border\":\"\",\"element_styles_border-style\":\"\",\"element_styles_border-color\":\"\",\"element_styles_color\":\"\",\"element_styles_height\":\"\",\"element_styles_width\":\"\",\"element_styles_font-size\":\"\",\"element_styles_margin\":\"\",\"element_styles_padding\":\"\",\"element_styles_display\":\"\",\"element_styles_float\":\"\",\"element_styles_show_advanced_css\":0,\"element_styles_advanced\":\"\",\"submit_element_hover_styles_background-color\":\"\",\"submit_element_hover_styles_border\":\"\",\"submit_element_hover_styles_border-style\":\"\",\"submit_element_hover_styles_border-color\":\"\",\"submit_element_hover_styles_color\":\"\",\"submit_element_hover_styles_height\":\"\",\"submit_element_hover_styles_width\":\"\",\"submit_element_hover_styles_font-size\":\"\",\"submit_element_hover_styles_margin\":\"\",\"submit_element_hover_styles_padding\":\"\",\"submit_element_hover_styles_display\":\"\",\"submit_element_hover_styles_float\":\"\",\"submit_element_hover_styles_show_advanced_css\":0,\"submit_element_hover_styles_advanced\":\"\",\"cellcid\":\"c3287\",\"field_label\":\"Submit\",\"field_key\":\"submit\",\"drawerDisabled\":false,\"id\":408,\"beforeField\":\"\",\"afterField\":\"\",\"value\":\"\",\"label_pos\":\"above\",\"parentType\":\"textbox\",\"element_templates\":[\"submit\",\"button\",\"input\"],\"old_classname\":\"\",\"wrap_template\":\"wrap-no-label\"}];nfForms.push(form);<\/script>\n        ","protected":false},"excerpt":{"rendered":"<p>D\u00fcrfen wir vorstellen?Unser Team Zweigestirn f\u00fcr die Session 2022\/2023 Sonja L\u00fctzenkirchen, als Sonja Wilczak am 24.01.1993 in Aachen geboren, lernte in Frankreich einen Pullemer Jung kennen und nach kurzer Zeit f\u00e4rbte dessen Begeisterung f\u00fcr&#46;&#46;&#46;<\/p>\n","protected":false},"author":1,"featured_media":0,"parent":0,"menu_order":0,"comment_status":"closed","ping_status":"closed","template":"","meta":{"jetpack_post_was_ever_published":false,"footnotes":""},"class_list":["post-310","page","type-page","status-publish","hentry"],"jetpack_sharing_enabled":true,"jetpack_shortlink":"https:\/\/wp.me\/PaqijN-50","jetpack_likes_enabled":true,"_links":{"self":[{"href":"https:\/\/my.haufenlaufen.com\/index.php?rest_route=\/wp\/v2\/pages\/310","targetHints":{"allow":["GET"]}}],"collection":[{"href":"https:\/\/my.haufenlaufen.com\/index.php?rest_route=\/wp\/v2\/pages"}],"about":[{"href":"https:\/\/my.haufenlaufen.com\/index.php?rest_route=\/wp\/v2\/types\/page"}],"author":[{"embeddable":true,"href":"https:\/\/my.haufenlaufen.com\/index.php?rest_route=\/wp\/v2\/users\/1"}],"replies":[{"embeddable":true,"href":"https:\/\/my.haufenlaufen.com\/index.php?rest_route=%2Fwp%2Fv2%2Fcomments&post=310"}],"version-history":[{"count":24,"href":"https:\/\/my.haufenlaufen.com\/index.php?rest_route=\/wp\/v2\/pages\/310\/revisions"}],"predecessor-version":[{"id":2468,"href":"https:\/\/my.haufenlaufen.com\/index.php?rest_route=\/wp\/v2\/pages\/310\/revisions\/2468"}],"wp:attachment":[{"href":"https:\/\/my.haufenlaufen.com\/index.php?rest_route=%2Fwp%2Fv2%2Fmedia&parent=310"}],"curies":[{"name":"wp","href":"https:\/\/api.w.org\/{rel}","templated":true}]}}