{"id":303,"date":"2019-02-12T16:12:19","date_gmt":"2019-02-12T15:12:19","guid":{"rendered":"http:\/\/my.haufenlaufen.com\/?page_id=303"},"modified":"2020-01-15T10:54:59","modified_gmt":"2020-01-15T09:54:59","slug":"onlineanmeldung","status":"publish","type":"page","link":"https:\/\/my.haufenlaufen.com\/?page_id=303","title":{"rendered":"Mitgliedsantrag"},"content":{"rendered":"\n<p class=\"has-text-align-justify\">Willkommen bei unserem Onlinemitgliedsantrag:<br><br>Lies bitte alle Erkl\u00e4rungen aufmerksam durch und schau dir auch unsere Satzung und unsere Datenschutzerkl\u00e4rung an. Anschlie\u00dfend kannst du das Formular vollst\u00e4ndig ausf\u00fcllen und direkt Mitglied werden!<\/p>\n\n\n\n<p class=\"has-text-align-center\"><em>Solltest du den Antrag auf einem Mobilger\u00e4t ausf\u00fcllen, empfehlen wir das Ger\u00e4t <strong>horizontal <\/strong>zu halten um die Darstellung des Formulars zu optimieren.<\/em><\/p>\n\n\n<div class=\"wrap pdb-signup pdb-instance-2\" >\n\n    <form method=\"post\" enctype=\"multipart\/form-data\"  autocomplete=\"off\" action=\"\/index.php?rest_route=%2Fwp%2Fv2%2Fpages%2F303\" ><input name=\"action\" type=\"hidden\" value=\"signup\" \/>\n\n<input name=\"subsource\" type=\"hidden\" value=\"participants-database\" \/>\n\n<input name=\"shortcode_page\" type=\"hidden\" value=\"\/index.php?rest_route=%2Fwp%2Fv2%2Fpages%2F303\" \/>\n\n<input name=\"thanks_page\" type=\"hidden\" value=\"https:\/\/my.haufenlaufen.com\/?page_id=917\" \/>\n\n<input name=\"instance_index\" type=\"hidden\" value=\"2\" \/>\n\n<input name=\"pdb_data_keys\" type=\"hidden\" value=\"1.2.25.28.3.4.7.8.9.10.22.35.23.24.34.33.36\" \/>\n\n<input name=\"session_hash\" type=\"hidden\" value=\"831d760da7\" \/>\n\n    <table class=\"form-table pdb-signup\">\n\n      \n      <tbody class=\"field-group field-group-main\">\n        \n                <tr class=\"signup-group\">\n          <td colspan=\"2\">\n            \n            <h3 class=\"pdb-group-title\">Kontaktinformationen<\/h3>            <p class=\"pdb-group-description\">Wir als Karnevalsgesellschaft ben\u00f6tigen f\u00fcr die Vereinsarbeit einige Daten von dir. Die Rundschreiben deiner KG sowie sonstige Informationen werden allesamt als Newsletter per E-Mail versandt. Wir bitten dich dem zuzustimmen. Wenn du keine E-Mails erhalten m\u00f6chtest, k\u00f6nnen wir dich per Post auf dem (Haufen-) laufenden halten. Nat\u00fcrlich wird es innerhalb eines Jahres dennoch auch Briefe geben, die alle Mitglieder per Post erhalten - z.B. bei Einladungen zu Mitgliederversammlungen. Regelm\u00e4\u00dfige aktuelle Infos gibt es auch \u00fcber die Whatsapp-Gruppe. Trete einfach unserer Whatsappgruppe bei und du kriegst das Wichtigste sofort mit! Falls sich deine Postadresse, deine Telefonnummer, deine Bankverbindung,\r\noder deine E-Mail-Adresse \u00e4ndert, teile uns das bitte mit (falls sich dein Name \u00e4ndert, erst recht...) Daf\u00fcr besuchst du einfach wieder den Link aus deiner Willkommens-E-Mail.<\/p>\n          <\/td>\n        <\/tr>\n        \n        \n        <tr class=\"text-line first_name-input-group\">\n\n          <th for=\"pdb-first_name-2\">Vorname<\/th>\n\n          <td>\n\n            <input name=\"first_name\" id=\"pdb-first_name-2\" class=\"required-field regular-text\" type=\"text\" value=\"\" \/>\n\n                        \n          <\/td>\n\n        <\/tr>\n  \n        \n        <tr class=\"text-line last_name-input-group\">\n\n          <th for=\"pdb-last_name-2\">Nachname<\/th>\n\n          <td>\n\n            <input name=\"last_name\" id=\"pdb-last_name-2\" class=\"required-field regular-text\" type=\"text\" value=\"\" \/>\n\n                        \n          <\/td>\n\n        <\/tr>\n  \n        \n        <tr class=\"date geburtstag-input-group\">\n\n          <th for=\"pdb-geburtstag-2\">Geburtstag<\/th>\n\n          <td>\n\n            <input name=\"geburtstag\" id=\"pdb-geburtstag-2\" class=\"required-field regular-text date_field\" type=\"text\" value=\"\" \/>\n\n                        \n          <\/td>\n\n        <\/tr>\n  \n        \n        <tr class=\"dropdown gender-input-group\">\n\n          <th for=\"pdb-gender-2\">Geschlecht<\/th>\n\n          <td>\n\n            <select name=\"gender\" id=\"pdb-gender-2\" class=\"required-field\">\n<option value=\"\" selected=\"selected\">&nbsp;<\/option>\n<option value=\"m\">m<\/option>\n<option value=\"w\">w<\/option>\n<option value=\"d\">d<\/option>\n<\/select>\n\n                        \n          <\/td>\n\n        <\/tr>\n  \n        \n        <tr class=\"text-line address-input-group\">\n\n          <th for=\"pdb-address-2\">Stra\u00dfe &amp; Hausnummer<\/th>\n\n          <td>\n\n            <input name=\"address\" id=\"pdb-address-2\" class=\"required-field regular-text\" type=\"text\" value=\"\" \/>\n\n                        \n          <\/td>\n\n        <\/tr>\n  \n        \n        <tr class=\"text-line city-input-group\">\n\n          <th for=\"pdb-city-2\">Stadt<\/th>\n\n          <td>\n\n            <input name=\"city\" id=\"pdb-city-2\" class=\"required-field regular-text\" type=\"text\" value=\"\" \/>\n\n                        \n          <\/td>\n\n        <\/tr>\n  \n        \n        <tr class=\"numeric zip-input-group\">\n\n          <th for=\"pdb-zip-2\">PLZ<\/th>\n\n          <td>\n\n            <input name=\"zip\" id=\"pdb-zip-2\" class=\"required-field\" type=\"number\" value=\"\" \/>\n\n                        \n          <\/td>\n\n        <\/tr>\n  \n        \n        <tr class=\"text-line phone-input-group\">\n\n          <th for=\"pdb-phone-2\">Hauptrufnummer<\/th>\n\n          <td>\n\n            <input name=\"phone\" id=\"pdb-phone-2\" class=\"required-field regular-text\" type=\"text\" value=\"\" \/>\n\n                        \n          <\/td>\n\n        <\/tr>\n  \n        \n        <tr class=\"text-line email-input-group\">\n\n          <th for=\"pdb-email-2\">Email-Adresse<\/th>\n\n          <td>\n\n            <input name=\"email\" id=\"pdb-email-2\" class=\"required-field regular-text\" type=\"text\" value=\"\" \/>\n\n                        \n          <\/td>\n\n        <\/tr>\n  \n        \n        <tr class=\"checkbox mailing_list-input-group\">\n\n          <th for=\"pdb-mailing_list-2\">Newsletter<\/th>\n\n          <td>\n\n            <input name=\"mailing_list\" id=\"pdb-mailing_list-2-default\" class=\"required-field\" type=\"hidden\" value=\"No\" \/>\n<label for=\"pdb-mailing_list-2\">\n<input name=\"mailing_list\" checked=\"checked\" id=\"pdb-mailing_list-2\" class=\"required-field\" type=\"checkbox\" value=\"Yes\" \/>\nYes\n<\/label>\n\n                        \n          <\/td>\n\n        <\/tr>\n  \n        \n        <tr class=\"text-line whatsapp_number-input-group\">\n\n          <th for=\"pdb-whatsapp_number-2\">Whatsappnummer<\/th>\n\n          <td>\n\n            <input name=\"whatsapp_number\" id=\"pdb-whatsapp_number-2\" class=\"required-field regular-text\" type=\"text\" value=\"\" \/>\n\n                        \n          <\/td>\n\n        <\/tr>\n  \n                \n        <\/tbody>\n\n      \n      <tbody class=\"field-group field-group-kontoinformationen\">\n        \n                <tr class=\"signup-group\">\n          <td colspan=\"2\">\n            \n            <h3 class=\"pdb-group-title\">Kontoinformationen<\/h3>            <p class=\"pdb-group-description\">Deine Beitr\u00e4ge sind j\u00e4hrlich f\u00e4llig, d.h. zum 1. Januar eines Kalenderjahres. Bitte \u00fcberweise deinen Beitrag auf unser Konto bei der Volksbank Erft eG: (IBAN: DE 14 3706 9252 6411 6850 10) (BIC: GENODED 1ERE) Am einfachsten und billigsten f\u00fcr alle w\u00e4re es jedoch, den Beitrag einziehen zu lassen. Unsere Gl\u00e4ubiger ID: DE47ZZZ00001118600, die Mandats-Referenzlautet: j\u00e4hrlicher Mitgliedsbeitrag und das Mandatsdatum ist der 15.01. j\u00e4hrlich. F\u00fcr Kinder werden erst ab dem Kalenderjahr Beitr\u00e4ge f\u00e4llig indem sie 12 Jahre alt werden.\r\nDie KG Haufenlaufen ist kein reicher Verein. Daher sind wir darauf angewiesen, dass du deinen Beitrag p\u00fcnktlich bezahlst. Au\u00dferdem verhindert das, dass dir der Schatzmeister hinterherlaufen muss oder dir den Gerichtsvollzieher auf den Hals hetzt! \ud83d\ude09 Bedenke in diesem Zusammenhang auch, dass die KG f\u00fcr Dinge, die du hinterher bezahlst, in Vorleistung tritt.<\/p>\n          <\/td>\n        <\/tr>\n        \n        \n        <tr class=\"currency jahresbeitrag-input-group\">\n\n          <th for=\"pdb-jahresbeitrag-2\">Jahresbeitrag<\/th>\n\n          <td>\n\n            <input name=\"jahresbeitrag\" id=\"pdb-jahresbeitrag-2\" step=\"0.01\" class=\"required-field\" type=\"number\" value=\"22,22\" \/>\n\n                        \n          <\/td>\n\n        <\/tr>\n  \n        \n        <tr class=\"text-line kontoinhaber-input-group\">\n\n          <th for=\"pdb-kontoinhaber-2\">Kontoinhaber<\/th>\n\n          <td>\n\n            <input name=\"kontoinhaber\" id=\"pdb-kontoinhaber-2\" class=\"required-field regular-text\" type=\"text\" value=\"\" \/>\n\n                        \n          <\/td>\n\n        <\/tr>\n  \n        \n        <tr class=\"text-line iban-input-group\">\n\n          <th for=\"pdb-iban-2\">IBAN<\/th>\n\n          <td>\n\n            <input name=\"iban\" id=\"pdb-iban-2\" class=\"required-field regular-text\" type=\"text\" value=\"\" \/>\n\n                        \n          <\/td>\n\n        <\/tr>\n  \n        \n        <tr class=\"text-line bic-input-group\">\n\n          <th for=\"pdb-bic-2\">BIC<\/th>\n\n          <td>\n\n            <input name=\"bic\" id=\"pdb-bic-2\" class=\"required-field regular-text\" type=\"text\" value=\"\" \/>\n\n                        \n          <\/td>\n\n        <\/tr>\n  \n        \n        <tr class=\"checkbox debit_auth-input-group\">\n\n          <th for=\"pdb-debit_auth-2\">Einzugserm\u00e4chtigung<\/th>\n\n          <td>\n\n            <input name=\"debit_auth\" id=\"pdb-debit_auth-2-default\" type=\"hidden\" value=\"No\" \/>\n<label for=\"pdb-debit_auth-2\">\n<input name=\"debit_auth\" id=\"pdb-debit_auth-2\" type=\"checkbox\" value=\"Yes\" \/>\nYes\n<\/label>\n\n                        \n          <\/td>\n\n        <\/tr>\n  \n                \n        <\/tbody>\n\n      \n      <tbody class=\"field-group field-group-personal\">\n        \n                <tr class=\"signup-group\">\n          <td colspan=\"2\">\n            \n            <h3 class=\"pdb-group-title\">Zusatzinformationen<\/h3>            <p class=\"pdb-group-description\">Du kannst uns gerne zus\u00e4tzlich ein Profilfoto hochladen, das auf der Homepage verwendet werden kann. <\/p>\n          <\/td>\n        <\/tr>\n        \n        \n        <tr class=\"image-upload profilbild-input-group\">\n\n          <th for=\"pdb-profilbild-2\">Profilbild<\/th>\n\n          <td>\n\n            <div class=\"pdb-upload\">\n<input name=\"MAX_FILE_SIZE\" type=\"hidden\" value=\"33554432\" \/>\n\n<input name=\"profilbild\" type=\"hidden\" value=\"\" \/>\n\n<input name=\"profilbild\" id=\"pdb-profilbild-2\" type=\"file\" value=\"\" \/>\n<\/div>\n\n                        \n          <\/td>\n\n        <\/tr>\n  \n                \n        <\/tbody>\n\n            \n        <tbody class=\"field-group field-group-submit\">\n      \n        <tr>\n          <td class=\"submit-buttons\">\n            \n           <input name=\"submit_button\" class=\"button-primary pdb-submit\" type=\"submit\" value=\"Der KG Haufenlaufen von 1998 e.V. beitreten.\" \/>\n            \n          <\/td>\n          <td class=\"submit-buttons\">\n            \n                      \n          <\/td>\n        <\/tr>\n        \n      <\/tbody>\n      \n    <\/table>\n    \n  <\/form>  \n<\/div>\n","protected":false},"excerpt":{"rendered":"<p>Willkommen bei unserem Onlinemitgliedsantrag: Lies bitte alle Erkl\u00e4rungen aufmerksam durch und schau dir auch unsere Satzung und unsere Datenschutzerkl\u00e4rung an. Anschlie\u00dfend kannst du das Formular vollst\u00e4ndig ausf\u00fcllen und direkt Mitglied werden! Solltest du den&#46;&#46;&#46;<\/p>\n","protected":false},"author":1,"featured_media":0,"parent":0,"menu_order":0,"comment_status":"closed","ping_status":"closed","template":"","meta":{"jetpack_post_was_ever_published":false,"footnotes":""},"class_list":["post-303","page","type-page","status-publish","hentry"],"jetpack_sharing_enabled":true,"jetpack_shortlink":"https:\/\/wp.me\/PaqijN-4T","jetpack_likes_enabled":true,"_links":{"self":[{"href":"https:\/\/my.haufenlaufen.com\/index.php?rest_route=\/wp\/v2\/pages\/303","targetHints":{"allow":["GET"]}}],"collection":[{"href":"https:\/\/my.haufenlaufen.com\/index.php?rest_route=\/wp\/v2\/pages"}],"about":[{"href":"https:\/\/my.haufenlaufen.com\/index.php?rest_route=\/wp\/v2\/types\/page"}],"author":[{"embeddable":true,"href":"https:\/\/my.haufenlaufen.com\/index.php?rest_route=\/wp\/v2\/users\/1"}],"replies":[{"embeddable":true,"href":"https:\/\/my.haufenlaufen.com\/index.php?rest_route=%2Fwp%2Fv2%2Fcomments&post=303"}],"version-history":[{"count":4,"href":"https:\/\/my.haufenlaufen.com\/index.php?rest_route=\/wp\/v2\/pages\/303\/revisions"}],"predecessor-version":[{"id":1435,"href":"https:\/\/my.haufenlaufen.com\/index.php?rest_route=\/wp\/v2\/pages\/303\/revisions\/1435"}],"wp:attachment":[{"href":"https:\/\/my.haufenlaufen.com\/index.php?rest_route=%2Fwp%2Fv2%2Fmedia&parent=303"}],"curies":[{"name":"wp","href":"https:\/\/api.w.org\/{rel}","templated":true}]}}