{"id":188,"date":"2018-11-05T17:23:31","date_gmt":"2018-11-05T16:23:31","guid":{"rendered":"http:\/\/my.haufenlaufen.com\/?page_id=188"},"modified":"2018-11-12T10:53:50","modified_gmt":"2018-11-12T09:53:50","slug":"zochmarathon","status":"publish","type":"page","link":"https:\/\/my.haufenlaufen.com\/?page_id=188","title":{"rendered":"Zochmarathon"},"content":{"rendered":"<p style=\"text-align: justify;\">Jeder, der in Pulheim und Umgebung aufgewachsen ist oder schon l\u00e4nger hier wohnt, wei\u00df, dass es an den Karnevalstagen in allen Ortschaften hoch hergeht.<\/p>\n<p><img data-recalc-dims=\"1\" loading=\"lazy\" decoding=\"async\" data-attachment-id=\"354\" data-permalink=\"https:\/\/my.haufenlaufen.com\/?attachment_id=354\" data-orig-file=\"https:\/\/i0.wp.com\/my.haufenlaufen.com\/wp-content\/uploads\/2018\/11\/P2260038.jpg?fit=3850%2C2887&amp;ssl=1\" data-orig-size=\"3850,2887\" data-comments-opened=\"1\" data-image-meta=\"{&quot;aperture&quot;:&quot;2.8&quot;,&quot;credit&quot;:&quot;&quot;,&quot;camera&quot;:&quot;TG-4&quot;,&quot;caption&quot;:&quot;OLYMPUS DIGITAL CAMERA&quot;,&quot;created_timestamp&quot;:&quot;1488128834&quot;,&quot;copyright&quot;:&quot;&quot;,&quot;focal_length&quot;:&quot;4.5&quot;,&quot;iso&quot;:&quot;200&quot;,&quot;shutter_speed&quot;:&quot;0.00125&quot;,&quot;title&quot;:&quot;OLYMPUS DIGITAL CAMERA&quot;,&quot;orientation&quot;:&quot;1&quot;}\" data-image-title=\"hl_zochmarathon_3\" data-image-description=\"\" data-image-caption=\"\" data-large-file=\"https:\/\/i0.wp.com\/my.haufenlaufen.com\/wp-content\/uploads\/2018\/11\/P2260038.jpg?fit=1024%2C768&amp;ssl=1\" class=\"wp-image-354 alignleft\" src=\"https:\/\/i0.wp.com\/my.haufenlaufen.com\/wp-content\/uploads\/2018\/11\/P2260038-300x225.jpg?resize=304%2C228\" alt=\"\" width=\"304\" height=\"228\" srcset=\"https:\/\/i0.wp.com\/my.haufenlaufen.com\/wp-content\/uploads\/2018\/11\/P2260038.jpg?resize=300%2C225&amp;ssl=1 300w, https:\/\/i0.wp.com\/my.haufenlaufen.com\/wp-content\/uploads\/2018\/11\/P2260038.jpg?resize=768%2C576&amp;ssl=1 768w, https:\/\/i0.wp.com\/my.haufenlaufen.com\/wp-content\/uploads\/2018\/11\/P2260038.jpg?resize=1024%2C768&amp;ssl=1 1024w, https:\/\/i0.wp.com\/my.haufenlaufen.com\/wp-content\/uploads\/2018\/11\/P2260038.jpg?resize=640%2C480&amp;ssl=1 640w, https:\/\/i0.wp.com\/my.haufenlaufen.com\/wp-content\/uploads\/2018\/11\/P2260038.jpg?resize=500%2C375&amp;ssl=1 500w, https:\/\/i0.wp.com\/my.haufenlaufen.com\/wp-content\/uploads\/2018\/11\/P2260038.jpg?resize=600%2C450&amp;ssl=1 600w, https:\/\/i0.wp.com\/my.haufenlaufen.com\/wp-content\/uploads\/2018\/11\/P2260038.jpg?w=2000&amp;ssl=1 2000w, https:\/\/i0.wp.com\/my.haufenlaufen.com\/wp-content\/uploads\/2018\/11\/P2260038.jpg?w=3000&amp;ssl=1 3000w\" sizes=\"auto, (max-width: 304px) 100vw, 304px\" \/><\/p>\n<p style=\"text-align: justify; padding-left: 330px;\">Die KG Haufenlaufen findet die Session immer viel zu kurz und da wir uns geschworen haben, ein Verein f\u00fcr <strong>ganz<\/strong>\u00a0Pulheim zu sein, gehen wir an diesem Wochenende auch immer gleich in mehreren Z\u00fcgen mit.<br \/>\nDas hat sein Gutes f\u00fcr uns &#8211; wir sehen immer viele bunte Karnevalisten und k\u00f6nnen nach den Z\u00fcgen in den verschiedenen Gemeinden auch richtig abfeiern &#8211; und f\u00fcr Euch, denn wir lassen es nicht nur an einem Tag Kamelle regnen!<\/p>\n<p style=\"text-align: right;\"><img data-recalc-dims=\"1\" loading=\"lazy\" decoding=\"async\" data-attachment-id=\"353\" data-permalink=\"https:\/\/my.haufenlaufen.com\/?attachment_id=353\" data-orig-file=\"https:\/\/i0.wp.com\/my.haufenlaufen.com\/wp-content\/uploads\/2018\/11\/P2110166.jpg?fit=4366%2C3275&amp;ssl=1\" data-orig-size=\"4366,3275\" data-comments-opened=\"1\" data-image-meta=\"{&quot;aperture&quot;:&quot;2.2&quot;,&quot;credit&quot;:&quot;&quot;,&quot;camera&quot;:&quot;TG-4&quot;,&quot;caption&quot;:&quot;OLYMPUS DIGITAL CAMERA&quot;,&quot;created_timestamp&quot;:&quot;1518362247&quot;,&quot;copyright&quot;:&quot;&quot;,&quot;focal_length&quot;:&quot;5.14&quot;,&quot;iso&quot;:&quot;320&quot;,&quot;shutter_speed&quot;:&quot;0.002&quot;,&quot;title&quot;:&quot;OLYMPUS DIGITAL CAMERA&quot;,&quot;orientation&quot;:&quot;1&quot;}\" data-image-title=\"hl_zochmarathon_2\" data-image-description=\"\" data-image-caption=\"\" data-large-file=\"https:\/\/i0.wp.com\/my.haufenlaufen.com\/wp-content\/uploads\/2018\/11\/P2110166.jpg?fit=1024%2C768&amp;ssl=1\" class=\"size-medium wp-image-353 alignright\" src=\"https:\/\/i0.wp.com\/my.haufenlaufen.com\/wp-content\/uploads\/2018\/11\/P2110166-300x225.jpg?resize=300%2C225\" alt=\"\" width=\"300\" height=\"225\" srcset=\"https:\/\/i0.wp.com\/my.haufenlaufen.com\/wp-content\/uploads\/2018\/11\/P2110166.jpg?resize=300%2C225&amp;ssl=1 300w, https:\/\/i0.wp.com\/my.haufenlaufen.com\/wp-content\/uploads\/2018\/11\/P2110166.jpg?resize=768%2C576&amp;ssl=1 768w, https:\/\/i0.wp.com\/my.haufenlaufen.com\/wp-content\/uploads\/2018\/11\/P2110166.jpg?resize=1024%2C768&amp;ssl=1 1024w, https:\/\/i0.wp.com\/my.haufenlaufen.com\/wp-content\/uploads\/2018\/11\/P2110166.jpg?resize=640%2C480&amp;ssl=1 640w, https:\/\/i0.wp.com\/my.haufenlaufen.com\/wp-content\/uploads\/2018\/11\/P2110166.jpg?resize=500%2C375&amp;ssl=1 500w, https:\/\/i0.wp.com\/my.haufenlaufen.com\/wp-content\/uploads\/2018\/11\/P2110166.jpg?resize=600%2C450&amp;ssl=1 600w, https:\/\/i0.wp.com\/my.haufenlaufen.com\/wp-content\/uploads\/2018\/11\/P2110166.jpg?w=2000&amp;ssl=1 2000w, https:\/\/i0.wp.com\/my.haufenlaufen.com\/wp-content\/uploads\/2018\/11\/P2110166.jpg?w=3000&amp;ssl=1 3000w\" sizes=\"auto, (max-width: 300px) 100vw, 300px\" \/><\/p>\n<p style=\"text-align: justify;\">Die Mitgliederversammlung\u00a0im Herbst entscheidet jedes Jahr, in welchen Z\u00fcgen wir mitgehen und welche Kost\u00fcme wir tragen! Auf diese Weise haben wir schon an Z\u00fcgen in Brauweiler, Dansweiler, Stommeln, Stommelerbusch, Sinnersdorf, Geyen\/Sinthern und nat\u00fcrlich Pulheim teilgenommen.<\/p>\n<p><img data-recalc-dims=\"1\" loading=\"lazy\" decoding=\"async\" data-attachment-id=\"352\" data-permalink=\"https:\/\/my.haufenlaufen.com\/?attachment_id=352\" data-orig-file=\"https:\/\/i0.wp.com\/my.haufenlaufen.com\/wp-content\/uploads\/2018\/11\/P1040476.jpg?fit=3698%2C2773&amp;ssl=1\" data-orig-size=\"3698,2773\" data-comments-opened=\"1\" data-image-meta=\"{&quot;aperture&quot;:&quot;3.3&quot;,&quot;credit&quot;:&quot;&quot;,&quot;camera&quot;:&quot;DMC-TZ31&quot;,&quot;caption&quot;:&quot;&quot;,&quot;created_timestamp&quot;:&quot;1393771164&quot;,&quot;copyright&quot;:&quot;&quot;,&quot;focal_length&quot;:&quot;4.3&quot;,&quot;iso&quot;:&quot;100&quot;,&quot;shutter_speed&quot;:&quot;0.01&quot;,&quot;title&quot;:&quot;&quot;,&quot;orientation&quot;:&quot;1&quot;}\" data-image-title=\"hl_zochmarathon_1\" data-image-description=\"\" data-image-caption=\"\" data-large-file=\"https:\/\/i0.wp.com\/my.haufenlaufen.com\/wp-content\/uploads\/2018\/11\/P1040476.jpg?fit=1024%2C768&amp;ssl=1\" class=\"alignleft size-medium wp-image-352\" src=\"https:\/\/i0.wp.com\/my.haufenlaufen.com\/wp-content\/uploads\/2018\/11\/P1040476-300x225.jpg?resize=300%2C225\" alt=\"\" width=\"300\" height=\"225\" srcset=\"https:\/\/i0.wp.com\/my.haufenlaufen.com\/wp-content\/uploads\/2018\/11\/P1040476.jpg?resize=300%2C225&amp;ssl=1 300w, https:\/\/i0.wp.com\/my.haufenlaufen.com\/wp-content\/uploads\/2018\/11\/P1040476.jpg?resize=768%2C576&amp;ssl=1 768w, https:\/\/i0.wp.com\/my.haufenlaufen.com\/wp-content\/uploads\/2018\/11\/P1040476.jpg?resize=1024%2C768&amp;ssl=1 1024w, https:\/\/i0.wp.com\/my.haufenlaufen.com\/wp-content\/uploads\/2018\/11\/P1040476.jpg?resize=640%2C480&amp;ssl=1 640w, https:\/\/i0.wp.com\/my.haufenlaufen.com\/wp-content\/uploads\/2018\/11\/P1040476.jpg?resize=500%2C375&amp;ssl=1 500w, https:\/\/i0.wp.com\/my.haufenlaufen.com\/wp-content\/uploads\/2018\/11\/P1040476.jpg?resize=600%2C450&amp;ssl=1 600w, https:\/\/i0.wp.com\/my.haufenlaufen.com\/wp-content\/uploads\/2018\/11\/P1040476.jpg?w=2000&amp;ssl=1 2000w, https:\/\/i0.wp.com\/my.haufenlaufen.com\/wp-content\/uploads\/2018\/11\/P1040476.jpg?w=3000&amp;ssl=1 3000w\" sizes=\"auto, (max-width: 300px) 100vw, 300px\" \/><\/p>\n<p>&nbsp;<\/p>\n<p style=\"text-align: center;\">Wenn auch du dabei sein m\u00f6chtest &#8211; werde doch einfach <a href=\"https:\/\/my.haufenlaufen.com\/?page_id=58\">Mitglied<\/a>!<\/p>\n<p>&nbsp;<\/p>\n","protected":false},"excerpt":{"rendered":"<p>Jeder, der in Pulheim und Umgebung aufgewachsen ist oder schon l\u00e4nger hier wohnt, wei\u00df, dass es an den Karnevalstagen in allen Ortschaften hoch hergeht. Die KG Haufenlaufen findet die Session immer viel zu kurz&#46;&#46;&#46;<\/p>\n","protected":false},"author":1,"featured_media":0,"parent":0,"menu_order":0,"comment_status":"closed","ping_status":"closed","template":"","meta":{"jetpack_post_was_ever_published":false,"footnotes":""},"class_list":["post-188","page","type-page","status-publish","hentry"],"jetpack_sharing_enabled":true,"jetpack_shortlink":"https:\/\/wp.me\/PaqijN-32","jetpack_likes_enabled":true,"_links":{"self":[{"href":"https:\/\/my.haufenlaufen.com\/index.php?rest_route=\/wp\/v2\/pages\/188","targetHints":{"allow":["GET"]}}],"collection":[{"href":"https:\/\/my.haufenlaufen.com\/index.php?rest_route=\/wp\/v2\/pages"}],"about":[{"href":"https:\/\/my.haufenlaufen.com\/index.php?rest_route=\/wp\/v2\/types\/page"}],"author":[{"embeddable":true,"href":"https:\/\/my.haufenlaufen.com\/index.php?rest_route=\/wp\/v2\/users\/1"}],"replies":[{"embeddable":true,"href":"https:\/\/my.haufenlaufen.com\/index.php?rest_route=%2Fwp%2Fv2%2Fcomments&post=188"}],"version-history":[{"count":15,"href":"https:\/\/my.haufenlaufen.com\/index.php?rest_route=\/wp\/v2\/pages\/188\/revisions"}],"predecessor-version":[{"id":599,"href":"https:\/\/my.haufenlaufen.com\/index.php?rest_route=\/wp\/v2\/pages\/188\/revisions\/599"}],"wp:attachment":[{"href":"https:\/\/my.haufenlaufen.com\/index.php?rest_route=%2Fwp%2Fv2%2Fmedia&parent=188"}],"curies":[{"name":"wp","href":"https:\/\/api.w.org\/{rel}","templated":true}]}}