{"id":182,"date":"2018-11-05T17:39:27","date_gmt":"2018-11-05T16:39:27","guid":{"rendered":"http:\/\/my.haufenlaufen.com\/?page_id=182"},"modified":"2018-11-06T20:02:58","modified_gmt":"2018-11-06T19:02:58","slug":"frauen-und-maenneraktionen","status":"publish","type":"page","link":"https:\/\/my.haufenlaufen.com\/?page_id=182","title":{"rendered":"Frauen- und M\u00e4nneraktionen"},"content":{"rendered":"<p style=\"text-align: justify;\">Die KG Haufenlaufen ist ein Verein mit Frauen <strong>und<\/strong> M\u00e4nnern. Und darum muss auch den Bed\u00fcrfnissen beider Geschlechter Rechnung getragen werden. Aus diesem Grund wurden die \u00c4mter der M\u00e4nner- und Frauenbeauftragten eingef\u00fchrt.<\/p>\n<p style=\"text-align: justify;\">Urspr\u00fcnglich war die M\u00e4nnerbeauftragte weiblich und der Frauenbeauftragte m\u00e4nnlich (Klingt doch ganz logisch, oder?!), mittlerweile werden die \u00c4mter oft mit Teams besetzt, in denen das Geschlecht zweitrangig ist.<\/p>\n<p style=\"text-align: justify;\">Die Beauftragten organisieren alle paar Monate die verschiedensten Aktionen f\u00fcr die Geschlechtergruppen: Kneipentour in Pulheim und K\u00f6ln, Besuch eines Weihnachtsmarktes, gemeinsames Backen, Kegeln und Bowling.<\/p>\n<p style=\"text-align: justify;\">Die Teams nehmen gerne Vorschl\u00e4ge f\u00fcr neue, vielleicht auch ausgefallene Aktionen entgegen und freuen sich auf Eure Teilnahme!<\/p>\n","protected":false},"excerpt":{"rendered":"<p>Die KG Haufenlaufen ist ein Verein mit Frauen und M\u00e4nnern. Und darum muss auch den Bed\u00fcrfnissen beider Geschlechter Rechnung getragen werden. Aus diesem Grund wurden die \u00c4mter der M\u00e4nner- und Frauenbeauftragten eingef\u00fchrt. Urspr\u00fcnglich war&#46;&#46;&#46;<\/p>\n","protected":false},"author":1,"featured_media":0,"parent":0,"menu_order":0,"comment_status":"closed","ping_status":"closed","template":"","meta":{"footnotes":""},"class_list":["post-182","page","type-page","status-publish","hentry"],"jetpack_sharing_enabled":true,"jetpack_shortlink":"https:\/\/wp.me\/PaqijN-2W","jetpack_likes_enabled":true,"_links":{"self":[{"href":"https:\/\/my.haufenlaufen.com\/index.php?rest_route=\/wp\/v2\/pages\/182","targetHints":{"allow":["GET"]}}],"collection":[{"href":"https:\/\/my.haufenlaufen.com\/index.php?rest_route=\/wp\/v2\/pages"}],"about":[{"href":"https:\/\/my.haufenlaufen.com\/index.php?rest_route=\/wp\/v2\/types\/page"}],"author":[{"embeddable":true,"href":"https:\/\/my.haufenlaufen.com\/index.php?rest_route=\/wp\/v2\/users\/1"}],"replies":[{"embeddable":true,"href":"https:\/\/my.haufenlaufen.com\/index.php?rest_route=%2Fwp%2Fv2%2Fcomments&post=182"}],"version-history":[{"count":9,"href":"https:\/\/my.haufenlaufen.com\/index.php?rest_route=\/wp\/v2\/pages\/182\/revisions"}],"predecessor-version":[{"id":505,"href":"https:\/\/my.haufenlaufen.com\/index.php?rest_route=\/wp\/v2\/pages\/182\/revisions\/505"}],"wp:attachment":[{"href":"https:\/\/my.haufenlaufen.com\/index.php?rest_route=%2Fwp%2Fv2%2Fmedia&parent=182"}],"curies":[{"name":"wp","href":"https:\/\/api.w.org\/{rel}","templated":true}]}}