{"id":180,"date":"2018-11-05T17:32:53","date_gmt":"2018-11-05T16:32:53","guid":{"rendered":"http:\/\/my.haufenlaufen.com\/?page_id=180"},"modified":"2018-11-06T11:00:51","modified_gmt":"2018-11-06T10:00:51","slug":"haufenfahrt","status":"publish","type":"page","link":"https:\/\/my.haufenlaufen.com\/?page_id=180","title":{"rendered":"Haufenfahrt"},"content":{"rendered":"<p style=\"text-align: justify;\">Ein- bis zweimal im Jahr f\u00e4hrt der Haufen weg.<\/p>\n<p style=\"text-align: justify;\">Wohin?<\/p>\n<p style=\"text-align: justify;\">Nach dem Motto <em>&#8220;\u00d6fter mal was Neues&#8221;<\/em> geht es jedes Jahr in eine andere Stadt.<\/p>\n<p style=\"text-align: justify;\">Dort versucht man ein Ferienhaus zu finden, wo zusammen gekocht oder gegrillt wird, Teamspiele organisiert werden und Ausfl\u00fcge z.B auf den Minigolfplatz oder ins Schwimmbad gemacht werden. Seit einigen Jahren begibt sich der Haufen auch einmal im Jahr auf gro\u00dfe Fahrt. Es wurden u. a. schon Valencia, Berlin und Paris erkundet. Um so eine Stadt zu erkunden, mieten wir uns auch mal in der Jugendherberge oder einem Motel ein.<\/p>\n<p style=\"text-align: justify;\">Auf den Fahrten werden ebenfalls wichtige Entscheidungen f\u00fcr die Session vorbereitet wie unser Sessions-Pin und die Kost\u00fcme f\u00fcr die Z\u00fcge in Stommeln und Pulheim. Es werden kleinere Gruppen gebildet, in denen Ideen f\u00fcr den Sessions-Pin und Kost\u00fcme gesammelt und ausgearbeitet werden. Diese werden dann bei der n\u00e4chsten Mitgliederversammlung diskutiert, finalisiert und schlie\u00dflich abgestimmt. Wer also hier seine Ideen einbringen m\u00f6chte, sollte sich \u00fcberlegen, mal mit dem Haufen einfach ein Wochenende blau zu machen.<\/p>\n<p style=\"text-align: justify;\"><strong>Wer interessiert ist und eine Fahrt planen m\u00f6chte, ist herzlich eingeladen, sich beim Gro\u00dfen Rat oder dem Vorstand zu melden.<\/strong><\/p>\n","protected":false},"excerpt":{"rendered":"<p>Ein- bis zweimal im Jahr f\u00e4hrt der Haufen weg. Wohin? Nach dem Motto &#8220;\u00d6fter mal was Neues&#8221; geht es jedes Jahr in eine andere Stadt. Dort versucht man ein Ferienhaus zu finden, wo zusammen&#46;&#46;&#46;<\/p>\n","protected":false},"author":1,"featured_media":0,"parent":0,"menu_order":0,"comment_status":"closed","ping_status":"closed","template":"","meta":{"jetpack_post_was_ever_published":false,"footnotes":""},"class_list":["post-180","page","type-page","status-publish","hentry"],"jetpack_sharing_enabled":true,"jetpack_shortlink":"https:\/\/wp.me\/PaqijN-2U","jetpack_likes_enabled":true,"_links":{"self":[{"href":"https:\/\/my.haufenlaufen.com\/index.php?rest_route=\/wp\/v2\/pages\/180","targetHints":{"allow":["GET"]}}],"collection":[{"href":"https:\/\/my.haufenlaufen.com\/index.php?rest_route=\/wp\/v2\/pages"}],"about":[{"href":"https:\/\/my.haufenlaufen.com\/index.php?rest_route=\/wp\/v2\/types\/page"}],"author":[{"embeddable":true,"href":"https:\/\/my.haufenlaufen.com\/index.php?rest_route=\/wp\/v2\/users\/1"}],"replies":[{"embeddable":true,"href":"https:\/\/my.haufenlaufen.com\/index.php?rest_route=%2Fwp%2Fv2%2Fcomments&post=180"}],"version-history":[{"count":6,"href":"https:\/\/my.haufenlaufen.com\/index.php?rest_route=\/wp\/v2\/pages\/180\/revisions"}],"predecessor-version":[{"id":496,"href":"https:\/\/my.haufenlaufen.com\/index.php?rest_route=\/wp\/v2\/pages\/180\/revisions\/496"}],"wp:attachment":[{"href":"https:\/\/my.haufenlaufen.com\/index.php?rest_route=%2Fwp%2Fv2%2Fmedia&parent=180"}],"curies":[{"name":"wp","href":"https:\/\/api.w.org\/{rel}","templated":true}]}}